{"id":93,"date":"2017-07-05T10:09:12","date_gmt":"2017-07-05T07:09:12","guid":{"rendered":"http:\/\/www.ktfb.org\/?page_id=93"},"modified":"2023-08-22T14:46:48","modified_gmt":"2023-08-22T11:46:48","slug":"faaliyet-raporlari","status":"publish","type":"page","link":"https:\/\/ktfb.org\/?page_id=93","title":{"rendered":"FAAL\u0130YET RAPORLARI"},"content":{"rendered":"\n<h2 class=\"wp-block-heading\">2021-2023 D\u00f6nemi Faaliyet Raporu<\/h2>\n\n\n\n<div class=\"wp-block-file\"><a href=\"http:\/\/www.ktfb.org\/wp-content\/uploads\/2023\/08\/2021-2023-Faaliyet-Raporu.pdf\">2021-2023-Faaliyet-Raporu<\/a><a href=\"http:\/\/www.ktfb.org\/wp-content\/uploads\/2023\/08\/2021-2023-Faaliyet-Raporu.pdf\" class=\"wp-block-file__button\" download>Download<\/a><\/div>\n\n\n\n<h2 class=\"wp-block-heading\">2019-2021 D\u00f6nemi Faaliyet Raporu<\/h2>\n\n\n\n<div class=\"wp-block-file\"><a href=\"http:\/\/www.ktfb.org\/wp-content\/uploads\/2023\/08\/KTFB-FAALI\u0307YET-RAPORU-2019-2021.pdf\">KTFB-FAALI\u0307YET-RAPORU-2019-2021<\/a><a href=\"http:\/\/www.ktfb.org\/wp-content\/uploads\/2023\/08\/KTFB-FAALI\u0307YET-RAPORU-2019-2021.pdf\" class=\"wp-block-file__button\" download>Download<\/a><\/div>\n\n\n\n<h2 class=\"wp-block-heading\">2017-2019 D\u00f6nemi Faaliyet Raporu<\/h2>\n\n\n<p><strong>2017-2019 K\u0131br\u0131s T\u00fcrk Fizyoterapistler Birli\u011fi Y\u00fcr\u00fctme Kurulu Faaliyet Raporu<\/strong><\/p>\n<p><strong>\u00a0<\/strong><\/p>\n<p><strong>\u00a0\u00a0\u00a0\u00a0\u00a0\u00a0\u00a0\u00a0\u00a0\u00a0\u00a0\u00a0\u00a0\u00a0\u00a0 2017 y\u0131l\u0131nda K\u0131br\u0131s T\u00fcrk Fizyoterapistler Birli\u011fi y\u00fcr\u00fctme kurulu olarak g\u00f6reve geldi\u011fimiz tarihten itibaren mezun fizyoterapistlerin birlikle entegre olmas\u0131n\u0131 sa\u011flamak, mesleki kurs ve organizasyonlar d\u00fczenlemek, toplumsal fark\u0131ndal\u0131\u011f\u0131 artt\u0131rmak ve meslek yasam\u0131z\u0131n mesclis s\u00fcrecinden ge\u00e7mesi i\u00e7in etkinlik hedefi koyup etkinlik plan\u0131 yap\u0131larak etkinlikler belirlenen tarihlerde ger\u00e7ekle\u015ftirildi. <\/strong><\/p>\n<p><strong>Etkinlik plan\u0131 a\u015fa\u011f\u0131daki gibidir;<\/strong><\/p>\n<ul>\n<li><strong>03.2017 tarihinde meslek yasas\u0131 ile ilgili Nevvar Nolan ile g\u00f6r\u00fc\u015fme yap\u0131ld\u0131.<\/strong><\/li>\n<li><strong>K\u0131br\u0131s T\u00fcrk Tabipler Birli\u011fi ile g\u00f6r\u00fc\u015f almak ve meslek yasas\u0131n\u0131n sorunlar\u0131 ile ilgili g\u00f6r\u00fc\u015fme yap\u0131ld\u0131.<\/strong><\/li>\n<li><strong>04.2017 tarihinde Ghetto cafe\u2019de yeni y\u00fcr\u00fctme kurulunun; yeni mezun fizyoterapistler ve aktif \u00e7al\u0131\u015fan fizyoterapistler ile kayna\u015fma ve tan\u0131\u015fma etkinli\u011fi d\u00fczenlendi.<\/strong><\/li>\n<li><strong>04.2017 tarihinde engelliler haftas\u0131 i\u00e7in toplumsal fark\u0131ndal\u0131\u011f\u0131 artt\u0131rmak amac\u0131 ile Dereboyu\u2019nda \u2018\u2019y\u00fcr\u00fcy\u00fc\u015f ve engelsiz mekan\u2019\u2019 etkinli\u011fi d\u00fczenlendi. <\/strong><\/li>\n<li><strong>04.2017 tarihinde Cumhurba\u015fkan\u0131 Sn. Mustafa Ak\u0131nc\u0131\u2019ya yeni y\u00fcr\u00fctme kurulu olarak resmi ziyaret ger\u00e7ekle\u015ftirildi.<\/strong><\/li>\n<li><strong>04.2017 tarihinde 2017 Eyl\u00fcl ay\u0131nda ger\u00e7ekle\u015fmesi planlanan II. Ulusal Fizyoterapi ve Rehabilitasyon Kongresi i\u00e7in Prof. Dr. Mehtap Malko\u00e7 ile g\u00f6r\u00fc\u015f\u00fcld\u00fc.<\/strong><\/li>\n<li><strong>05.2017 tarihinde Uluslararas\u0131 K\u0131br\u0131s \u00dcniversitesi beyaz \u00f6nl\u00fck giyme t\u00f6reni etkinli\u011fine kat\u0131ld\u0131.<\/strong><\/li>\n<li><strong>05.2017 tarihinde meslek yasas\u0131 i\u00e7in Sa\u011fl\u0131k Bakanl\u0131\u011f\u0131 M\u00fcste\u015far\u0131 Kemal Deniz ile g\u00f6r\u00fc\u015f\u00fcld\u00fc.<\/strong><\/li>\n<\/ul>","protected":false},"excerpt":{"rendered":"<p>2021-2023 D\u00f6nemi Faaliyet Raporu 2019-2021 D\u00f6nemi Faaliyet Raporu 2017-2019 D\u00f6nemi Faaliyet Raporu 2017-2019 K\u0131br\u0131s T\u00fcrk Fizyoterapistler Birli\u011fi Y\u00fcr\u00fctme Kurulu Faaliyet Raporu \u00a0 \u00a0\u00a0\u00a0\u00a0\u00a0\u00a0\u00a0\u00a0\u00a0\u00a0\u00a0\u00a0\u00a0\u00a0\u00a0 2017 y\u0131l\u0131nda<\/p>\n<div class=\"read-more-wrapper\"><a class=\"link small\" href=\"https:\/\/ktfb.org\/?page_id=93\" role=\"button\">Daha fazla<span class=\"nc-icon-glyph arrows-1_bold-right\"><\/span><\/a><\/div>\n","protected":false},"author":1,"featured_media":0,"parent":0,"menu_order":0,"comment_status":"closed","ping_status":"closed","template":"","meta":{"footnotes":""},"class_list":["post-93","page","type-page","status-publish","hentry"],"_links":{"self":[{"href":"https:\/\/ktfb.org\/index.php?rest_route=\/wp\/v2\/pages\/93","targetHints":{"allow":["GET"]}}],"collection":[{"href":"https:\/\/ktfb.org\/index.php?rest_route=\/wp\/v2\/pages"}],"about":[{"href":"https:\/\/ktfb.org\/index.php?rest_route=\/wp\/v2\/types\/page"}],"author":[{"embeddable":true,"href":"https:\/\/ktfb.org\/index.php?rest_route=\/wp\/v2\/users\/1"}],"replies":[{"embeddable":true,"href":"https:\/\/ktfb.org\/index.php?rest_route=%2Fwp%2Fv2%2Fcomments&post=93"}],"version-history":[{"count":5,"href":"https:\/\/ktfb.org\/index.php?rest_route=\/wp\/v2\/pages\/93\/revisions"}],"predecessor-version":[{"id":285,"href":"https:\/\/ktfb.org\/index.php?rest_route=\/wp\/v2\/pages\/93\/revisions\/285"}],"wp:attachment":[{"href":"https:\/\/ktfb.org\/index.php?rest_route=%2Fwp%2Fv2%2Fmedia&parent=93"}],"curies":[{"name":"wp","href":"https:\/\/api.w.org\/{rel}","templated":true}]}}