{"id":41,"date":"2017-07-03T06:46:40","date_gmt":"2017-07-03T06:46:40","guid":{"rendered":"http:\/\/www.ktfb.org\/?page_id=41"},"modified":"2017-08-26T09:45:17","modified_gmt":"2017-08-26T06:45:17","slug":"etkinlikler","status":"publish","type":"page","link":"https:\/\/ktfb.org\/?page_id=41","title":{"rendered":"ETK\u0130NL\u0130KLER"},"content":{"rendered":"<h2>I. K\u0131br\u0131s Fizyoterapi ve Rehabilitasyonda G\u00fcncel Yakla\u015f\u0131mlar<\/h2>\n<p>8 Eyl\u00fcl D\u00fcnya Fizyoterapistler G\u00fcn\u00fc<\/p>\n<p>8 Eyl\u00fcl 2017, Talasamia Merkezi<\/p>\n<ul>\n<li>9.30-10.00 A\u00e7\u0131l\u0131\u015f Konu\u015fmalar\u0131<\/li>\n<\/ul>\n<div style=\"padding-left: 30px;\">Uzm. Fzt. \u015eahveren \u00c7akarta\u015f, K\u0131br\u0131s T\u00fcrk Fizyoterapistler Birli\u011fi Ba\u015fkan\u0131<\/div>\n<div style=\"padding-left: 30px;\">Dr. Faiz Sucuo\u011flu, KKTC Sa\u011fl\u0131k Bakan\u0131<\/div>\n<div style=\"padding-left: 30px;\">Prof. Dr. H\u00fclya Haruto\u011flu, Y\u00d6DAK \u00dcyesi<\/div>\n<div><\/div>\n<ul>\n<li>10.00-10.20 Prof.Dr. \u0130nci Y\u00fcksel,Do\u011fu Akdeniz \u00dcniversitesi<br \/>\n\u201cOrtopedik Problemlerde Post\u00fcral Stabilite&#8221;<\/li>\n<li>10.20-10.40 Uzm.Fzt. M\u00fcnevver \u00d6zakal\u0131n, Uluslar Aras\u0131 K\u0131br\u0131s \u00dcniversitesi<br \/>\n\u201cGeriatrik Hastalarda Denge Ve Koordinasyon Problemleri; Alternatif Koruyucu Protokol Olarak D\u00fc\u015fmeleri \u00d6nleme Merkezleri\u201d<\/li>\n<li>10.40-10.50 SORULAR<\/li>\n<li>10.50-11.00 KAHVE ARASI<\/li>\n<li>11.00-11.20 Uzm.Fzt. Ediz Necati Y\u0131lmaz, Yak\u0131n Do\u011fu \u00dcniversitesi<br \/>\n\u201cN\u00f6rojenik Yutma Bozukluklar\u0131\u201d<\/li>\n<li>11.20-11.40 Yrd. Do\u00e7. Dr. Fzt. Beliz Belgen Kayg\u0131s\u0131z, Lefke Avrupa \u00dcniversitesi<br \/>\n\u201cN\u00f6rolojik Rehabilitasyonda G\u00fcncel Yakla\u015f\u0131mlar\u201d<\/li>\n<li>11.40-11.50 SORULAR<br \/>\n11.50-12.00 KAHVE ARASI<\/li>\n<li>12.00-12.15 Prof.Dr. Mehtap Malko\u00e7 , Do\u011fu Akdeniz \u00dcniversitesi<br \/>\n\u201cFizyoterapi ve Rehabilitasyon E\u011fitiminde Mimimum \u00d6l\u00e7\u00fctler Ne Olmal\u0131?\u201d<\/li>\n<li>12.15-12.30 Uzm.Fzt. Handan Bilgehan Mert, Dr. Burhan Nalbanto\u011flu Devlet Hastanesi<br \/>\n\u201cKamuda Fizyoterapist Olmak? Ya da Olmamak?\u201d<\/li>\n<li>12.30-12.45 Uzm.Fzt. Nafiya Bekiro\u011flu, Fizyoterapist Nafiya Bekiro\u011flu Fizik Tedavi Merkezi<br \/>\n\u201cFizyoterapi\u2019de Yolculuk\u201d<\/li>\n<li>12.45-13.00 SORULAR<\/li>\n<li>13.00-14.00 \u00d6\u011eLE YEME\u011e\u0130<\/li>\n<\/ul>\n<p>&nbsp;<\/p>\n","protected":false},"excerpt":{"rendered":"<p>I. K\u0131br\u0131s Fizyoterapi ve Rehabilitasyonda G\u00fcncel Yakla\u015f\u0131mlar 8 Eyl\u00fcl D\u00fcnya Fizyoterapistler G\u00fcn\u00fc 8 Eyl\u00fcl 2017, Talasamia Merkezi 9.30-10.00 A\u00e7\u0131l\u0131\u015f Konu\u015fmalar\u0131 Uzm. Fzt. \u015eahveren \u00c7akarta\u015f, K\u0131br\u0131s<\/p>\n<div class=\"read-more-wrapper\"><a class=\"link small\" href=\"https:\/\/ktfb.org\/?page_id=41\" role=\"button\">Daha fazla<span class=\"nc-icon-glyph arrows-1_bold-right\"><\/span><\/a><\/div>\n","protected":false},"author":1,"featured_media":0,"parent":0,"menu_order":0,"comment_status":"closed","ping_status":"closed","template":"","meta":{"footnotes":""},"class_list":["post-41","page","type-page","status-publish","hentry"],"_links":{"self":[{"href":"https:\/\/ktfb.org\/index.php?rest_route=\/wp\/v2\/pages\/41","targetHints":{"allow":["GET"]}}],"collection":[{"href":"https:\/\/ktfb.org\/index.php?rest_route=\/wp\/v2\/pages"}],"about":[{"href":"https:\/\/ktfb.org\/index.php?rest_route=\/wp\/v2\/types\/page"}],"author":[{"embeddable":true,"href":"https:\/\/ktfb.org\/index.php?rest_route=\/wp\/v2\/users\/1"}],"replies":[{"embeddable":true,"href":"https:\/\/ktfb.org\/index.php?rest_route=%2Fwp%2Fv2%2Fcomments&post=41"}],"version-history":[{"count":4,"href":"https:\/\/ktfb.org\/index.php?rest_route=\/wp\/v2\/pages\/41\/revisions"}],"predecessor-version":[{"id":134,"href":"https:\/\/ktfb.org\/index.php?rest_route=\/wp\/v2\/pages\/41\/revisions\/134"}],"wp:attachment":[{"href":"https:\/\/ktfb.org\/index.php?rest_route=%2Fwp%2Fv2%2Fmedia&parent=41"}],"curies":[{"name":"wp","href":"https:\/\/api.w.org\/{rel}","templated":true}]}}