{"id":21,"date":"2017-06-16T07:47:04","date_gmt":"2017-06-16T07:47:04","guid":{"rendered":"http:\/\/www.ktfb.org\/?page_id=21"},"modified":"2023-08-22T15:14:05","modified_gmt":"2023-08-22T12:14:05","slug":"bizeulasin","status":"publish","type":"page","link":"https:\/\/ktfb.org\/?page_id=21","title":{"rendered":"B\u0130ZE ULA\u015eIN"},"content":{"rendered":"<p><strong>E-Posta<\/strong><\/p>\n<blockquote><p>info@ktfb.org<\/p>\n<p><a href=\"mailto:cyprusphysio@yahoo.com\">cyprusphysio@yahoo.com<\/a><\/p>\n<p><a href=\"mailto:ktfizyoterapistlerdernegi@gmail.com\">ktfizyoterapistlerdernegi@gmail.com<\/a><\/p><\/blockquote>\n<p><strong>Sosyal Medya:<\/strong><\/p>\n<blockquote><p><strong><a href=\"https:\/\/instagram.com\/cyprusphysio?utm_source=qr&amp;igshid=MzNlNGNkZWQ4Mg%3D%3D\" target=\"_blank\" rel=\"noopener noreferrer\">Instagram: cyprusphysio<\/a><\/strong><\/p>\n<p><strong><a href=\"https:\/\/www.facebook.com\/cyprusphysio\" target=\"_blank\" rel=\"noopener noreferrer\">Facebook : K\u0131br\u0131s T\u00fcrk Fizyoterapistler Derne\u011fi<\/a><\/strong><\/p><\/blockquote>\n<p><strong>WhatsApp Toplulu\u011fu:<\/strong><\/p>\n<blockquote><p><strong><a href=\"https:\/\/chat.whatsapp.com\/LpFKzm0aL3S3opt7XBsHVi\" target=\"_blank\" rel=\"noopener noreferrer\">WhatsApp Community<\/a><\/strong><\/p><\/blockquote>\n","protected":false},"excerpt":{"rendered":"<p>E-Posta info@ktfb.org cyprusphysio@yahoo.com ktfizyoterapistlerdernegi@gmail.com Sosyal Medya: Instagram: cyprusphysio Facebook : K\u0131br\u0131s T\u00fcrk Fizyoterapistler Derne\u011fi WhatsApp Toplulu\u011fu: WhatsApp Community<\/p>\n","protected":false},"author":1,"featured_media":0,"parent":0,"menu_order":0,"comment_status":"closed","ping_status":"closed","template":"","meta":{"footnotes":""},"class_list":["post-21","page","type-page","status-publish","hentry"],"_links":{"self":[{"href":"https:\/\/ktfb.org\/index.php?rest_route=\/wp\/v2\/pages\/21","targetHints":{"allow":["GET"]}}],"collection":[{"href":"https:\/\/ktfb.org\/index.php?rest_route=\/wp\/v2\/pages"}],"about":[{"href":"https:\/\/ktfb.org\/index.php?rest_route=\/wp\/v2\/types\/page"}],"author":[{"embeddable":true,"href":"https:\/\/ktfb.org\/index.php?rest_route=\/wp\/v2\/users\/1"}],"replies":[{"embeddable":true,"href":"https:\/\/ktfb.org\/index.php?rest_route=%2Fwp%2Fv2%2Fcomments&post=21"}],"version-history":[{"count":22,"href":"https:\/\/ktfb.org\/index.php?rest_route=\/wp\/v2\/pages\/21\/revisions"}],"predecessor-version":[{"id":294,"href":"https:\/\/ktfb.org\/index.php?rest_route=\/wp\/v2\/pages\/21\/revisions\/294"}],"wp:attachment":[{"href":"https:\/\/ktfb.org\/index.php?rest_route=%2Fwp%2Fv2%2Fmedia&parent=21"}],"curies":[{"name":"wp","href":"https:\/\/api.w.org\/{rel}","templated":true}]}}