{"id":204,"date":"2018-02-01T16:30:04","date_gmt":"2018-02-01T13:30:04","guid":{"rendered":"http:\/\/www.ktfb.org\/?page_id=204"},"modified":"2023-08-22T14:40:02","modified_gmt":"2023-08-22T11:40:02","slug":"fizyoterapist-bul","status":"publish","type":"page","link":"https:\/\/ktfb.org\/?page_id=204","title":{"rendered":"\u00dcYEL\u0130K BA\u015eVURUSU"},"content":{"rendered":"\n<p style=\"text-align:center\">2023 Y\u0131l\u0131 itibari ile derne\u011fe \u00fcye olacak meslekta\u015flar\u0131m\u0131z\u0131n, a\u015fa\u011f\u0131da yer alan \u00dcyelik Ba\u015fvuru Formunu doldurup, formun alt\u0131nda yer alan belgeleri tamalayarak Dernek Ofisimizin yer ald\u0131\u011f\u0131 Emaa Ba\u015fkent Sanat Merkezine teslim etmesi gerekmektedir. \u00dcyelik Ba\u015fvuru de\u011ferlendirmesi her ay\u0131n ilk pazartesi g\u00fcn\u00fc ger\u00e7ekle\u015ftirilmek \u00fczere planlanan Y\u00f6netim Kurulu toplant\u0131s\u0131nda g\u00f6r\u00fc\u015f\u00fclmekte ve sizlere geri d\u00f6n\u00fc\u015f sa\u011flanmaktad\u0131r. <\/p>\n\n\n\n<div class=\"wp-block-file\"><a href=\"http:\/\/www.ktfb.org\/wp-content\/uploads\/2023\/08\/KTFD-\u00dcYEL\u0130K-FORMU-2023.pdf\">KTFD-\u00dcYEL\u0130K-FORMU-2023<\/a><a href=\"http:\/\/www.ktfb.org\/wp-content\/uploads\/2023\/08\/KTFD-\u00dcYEL\u0130K-FORMU-2023.pdf\" class=\"wp-block-file__button\" download>Download<\/a><\/div>\n","protected":false},"excerpt":{"rendered":"<p>2023 Y\u0131l\u0131 itibari ile derne\u011fe \u00fcye olacak meslekta\u015flar\u0131m\u0131z\u0131n, a\u015fa\u011f\u0131da yer alan \u00dcyelik Ba\u015fvuru Formunu doldurup, formun alt\u0131nda yer alan belgeleri tamalayarak Dernek Ofisimizin yer ald\u0131\u011f\u0131<\/p>\n<div class=\"read-more-wrapper\"><a class=\"link small\" href=\"https:\/\/ktfb.org\/?page_id=204\" role=\"button\">Daha fazla<span class=\"nc-icon-glyph arrows-1_bold-right\"><\/span><\/a><\/div>\n","protected":false},"author":1,"featured_media":0,"parent":0,"menu_order":0,"comment_status":"closed","ping_status":"closed","template":"","meta":{"footnotes":""},"class_list":["post-204","page","type-page","status-publish","hentry"],"_links":{"self":[{"href":"https:\/\/ktfb.org\/index.php?rest_route=\/wp\/v2\/pages\/204","targetHints":{"allow":["GET"]}}],"collection":[{"href":"https:\/\/ktfb.org\/index.php?rest_route=\/wp\/v2\/pages"}],"about":[{"href":"https:\/\/ktfb.org\/index.php?rest_route=\/wp\/v2\/types\/page"}],"author":[{"embeddable":true,"href":"https:\/\/ktfb.org\/index.php?rest_route=\/wp\/v2\/users\/1"}],"replies":[{"embeddable":true,"href":"https:\/\/ktfb.org\/index.php?rest_route=%2Fwp%2Fv2%2Fcomments&post=204"}],"version-history":[{"count":6,"href":"https:\/\/ktfb.org\/index.php?rest_route=\/wp\/v2\/pages\/204\/revisions"}],"predecessor-version":[{"id":280,"href":"https:\/\/ktfb.org\/index.php?rest_route=\/wp\/v2\/pages\/204\/revisions\/280"}],"wp:attachment":[{"href":"https:\/\/ktfb.org\/index.php?rest_route=%2Fwp%2Fv2%2Fmedia&parent=204"}],"curies":[{"name":"wp","href":"https:\/\/api.w.org\/{rel}","templated":true}]}}