{"id":2,"date":"2017-06-13T07:52:12","date_gmt":"2017-06-13T07:52:12","guid":{"rendered":"http:\/\/www.ktfb.org\/?page_id=2"},"modified":"2023-08-22T14:49:27","modified_gmt":"2023-08-22T11:49:27","slug":"about","status":"publish","type":"page","link":"https:\/\/ktfb.org\/?page_id=2","title":{"rendered":"HAKKIMIZDA"},"content":{"rendered":"<hr \/>\n<p>K\u0131br\u0131s T\u00fcrk Fizyoterapistler Birli\u011fi 1979 y\u0131l\u0131nda kurulmu\u015ftur. \u0130lk mezun fizyoterapistin adaya gelmesi ile halk sa\u011fl\u0131\u011f\u0131 ve mesleki dayan\u0131\u015fma anlam\u0131nda biraraya gelen fizyoterapistler taraf\u0131ndan kurulan birlik ayni dinamizm ve heyecanla kendini yenileyerek faaliyetlerine devam etmektedir. Fizyoterapistlerin sa\u011fl\u0131\u011f\u0131n t\u00fcm alanlar\u0131nda, koruyucu sa\u011fl\u0131k hizmetlerinde ve halk\u0131 fiziksel sa\u011fl\u0131\u011f\u0131 konusunda bilin\u00e7lendirmek ilkesi ile yoluna devam eden birlik faaliyetlerini bir\u00e7ok sa\u011fl\u0131k alan\u0131nda s\u00fcrd\u00fcrmektedir.<\/p>\n<p>Haziran 2023&#8217;da yap\u0131lan son ola\u011fan genel kurulunda se\u00e7ilmi\u015f y\u00fcr\u00fctme kurulu \u015f\u00f6yledir;<\/p>\n<ul>\n<li>Ba\u015fkan: \u015eahveren \u00c7akarta\u015f<\/li>\n<li>Asba\u015fkan: M\u00fcnevver \u00d6zakal\u0131n<\/li>\n<li>Genel Sekreter: Yelda K\u0131ng\u0131r<\/li>\n<li>Mali \u0130\u015fler Koordinat\u00f6r\u00fc: Sevim \u00d6ks\u00fcz<\/li>\n<li>Sosyal \u0130\u015fler Koordinat\u00f6r\u00fc: Caniz Tonyal\u0131<\/li>\n<li>E\u011fitim Koordinat\u00f6r\u00fc: Batuhan Dericio\u011flu<\/li>\n<li>Faal \u00dcyeler: Ay\u015fe Volkan, Kamil Bayrakl\u0131, Erdo\u011fan \u00c7etinta\u015f<\/li>\n<li>Yedek \u00dcyeler: Necati \u00d6zler, Feride Mustafa<\/li>\n<\/ul>\n","protected":false},"excerpt":{"rendered":"<p>K\u0131br\u0131s T\u00fcrk Fizyoterapistler Birli\u011fi 1979 y\u0131l\u0131nda kurulmu\u015ftur. \u0130lk mezun fizyoterapistin adaya gelmesi ile halk sa\u011fl\u0131\u011f\u0131 ve mesleki dayan\u0131\u015fma anlam\u0131nda biraraya gelen fizyoterapistler taraf\u0131ndan kurulan birlik<\/p>\n<div class=\"read-more-wrapper\"><a class=\"link small\" href=\"https:\/\/ktfb.org\/?page_id=2\" role=\"button\">Daha fazla<span class=\"nc-icon-glyph arrows-1_bold-right\"><\/span><\/a><\/div>\n","protected":false},"author":1,"featured_media":0,"parent":0,"menu_order":0,"comment_status":"open","ping_status":"open","template":"","meta":{"footnotes":""},"class_list":["post-2","page","type-page","status-publish","hentry"],"_links":{"self":[{"href":"https:\/\/ktfb.org\/index.php?rest_route=\/wp\/v2\/pages\/2","targetHints":{"allow":["GET"]}}],"collection":[{"href":"https:\/\/ktfb.org\/index.php?rest_route=\/wp\/v2\/pages"}],"about":[{"href":"https:\/\/ktfb.org\/index.php?rest_route=\/wp\/v2\/types\/page"}],"author":[{"embeddable":true,"href":"https:\/\/ktfb.org\/index.php?rest_route=\/wp\/v2\/users\/1"}],"replies":[{"embeddable":true,"href":"https:\/\/ktfb.org\/index.php?rest_route=%2Fwp%2Fv2%2Fcomments&post=2"}],"version-history":[{"count":13,"href":"https:\/\/ktfb.org\/index.php?rest_route=\/wp\/v2\/pages\/2\/revisions"}],"predecessor-version":[{"id":286,"href":"https:\/\/ktfb.org\/index.php?rest_route=\/wp\/v2\/pages\/2\/revisions\/286"}],"wp:attachment":[{"href":"https:\/\/ktfb.org\/index.php?rest_route=%2Fwp%2Fv2%2Fmedia&parent=2"}],"curies":[{"name":"wp","href":"https:\/\/api.w.org\/{rel}","templated":true}]}}