{"id":125,"date":"2017-07-05T12:27:50","date_gmt":"2017-07-05T09:27:50","guid":{"rendered":"http:\/\/www.ktfb.org\/?page_id=125"},"modified":"2023-08-22T14:04:54","modified_gmt":"2023-08-22T11:04:54","slug":"fizyoterapist-uye-listesi","status":"publish","type":"page","link":"https:\/\/ktfb.org\/?page_id=125","title":{"rendered":"AKT\u0130F F\u0130ZYOTERAP\u0130ST L\u0130STES\u0130"},"content":{"rendered":"<p style=\"text-align: center;\"><strong><u>KIBRIS T\u00dcRK F\u0130ZYOTERAP\u0130STLER B\u0130RL\u0130\u011e\u0130 2022-2023 AKT\u0130F \u00dcYE L\u0130STES\u0130<\/u><\/strong><\/p>\n<table style=\"height: 1684px;\" width=\"575\">\n<tbody>\n<tr>\n<td width=\"171\"><strong>AKT\u0130F \u00dcYEN\u0130N ADI-SOYADI<\/strong><\/td>\n<td width=\"163\"><strong>L\u0130SANS E\u011e\u0130T\u0130M\u0130N\u0130 TAMAMLADI\u011eI \u00dcN\u0130VERS\u0130TE VE MEZUN\u0130YET YILI<\/strong><\/td>\n<td width=\"163\"><strong>Y\u00dcKSEK L\u0130SANS E\u011e\u0130T\u0130M\u0130N\u0130 TAMAMLADI\u011eI \u00dcN\u0130VERS\u0130TE VE MEZUN\u0130YET YILI<\/strong><\/td>\n<td width=\"163\"><strong>DOKTORA E\u011e\u0130T\u0130M\u0130N\u0130 TAMAMLADI\u011eI \u00dcN\u0130VERS\u0130TE VE MEZUN\u0130YET YILI<\/strong><\/td>\n<\/tr>\n<tr>\n<td width=\"171\"><\/td>\n<td width=\"163\"><\/td>\n<td width=\"163\"><\/td>\n<td width=\"163\"><\/td>\n<\/tr>\n<tr>\n<td width=\"171\"><\/td>\n<td width=\"163\"><\/td>\n<td width=\"163\"><\/td>\n<td width=\"163\"><\/td>\n<\/tr>\n<tr>\n<td width=\"171\"><\/td>\n<td width=\"163\"><\/td>\n<td width=\"163\"><\/td>\n<td width=\"163\"><\/td>\n<\/tr>\n<tr>\n<td width=\"171\"><\/td>\n<td width=\"163\"><\/td>\n<td width=\"163\"><\/td>\n<td width=\"163\"><\/td>\n<\/tr>\n<tr>\n<td width=\"171\"><\/td>\n<td width=\"163\"><\/td>\n<td width=\"163\"><\/td>\n<td width=\"163\"><\/td>\n<\/tr>\n<tr>\n<td width=\"171\"><\/td>\n<td width=\"163\"><\/td>\n<td width=\"163\"><\/td>\n<td width=\"163\"><\/td>\n<\/tr>\n<tr>\n<td width=\"171\"><\/td>\n<td width=\"163\"><\/td>\n<td width=\"163\"><\/td>\n<td width=\"163\"><\/td>\n<\/tr>\n<tr>\n<td width=\"171\"><\/td>\n<td width=\"163\"><\/td>\n<td width=\"163\"><\/td>\n<td width=\"163\"><\/td>\n<\/tr>\n<tr>\n<td width=\"171\"><\/td>\n<td width=\"163\"><\/td>\n<td width=\"163\"><\/td>\n<td width=\"163\"><\/td>\n<\/tr>\n<tr>\n<td width=\"171\"><\/td>\n<td width=\"163\"><\/td>\n<td width=\"163\"><\/td>\n<td width=\"163\"><\/td>\n<\/tr>\n<tr>\n<td width=\"171\"><\/td>\n<td width=\"163\"><\/td>\n<td width=\"163\"><\/td>\n<td width=\"163\"><\/td>\n<\/tr>\n<tr>\n<td width=\"171\"><\/td>\n<td width=\"163\"><\/td>\n<td width=\"163\"><\/td>\n<td width=\"163\"><\/td>\n<\/tr>\n<tr>\n<td width=\"171\"><\/td>\n<td width=\"163\"><\/td>\n<td width=\"163\"><\/td>\n<td width=\"163\"><\/td>\n<\/tr>\n<tr>\n<td width=\"171\"><\/td>\n<td width=\"163\"><\/td>\n<td width=\"163\"><\/td>\n<td width=\"163\"><\/td>\n<\/tr>\n<tr>\n<td width=\"171\"><\/td>\n<td width=\"163\"><\/td>\n<td width=\"163\"><\/td>\n<td width=\"163\"><\/td>\n<\/tr>\n<tr>\n<td width=\"171\"><\/td>\n<td width=\"163\"><\/td>\n<td width=\"163\"><\/td>\n<td width=\"163\"><\/td>\n<\/tr>\n<tr>\n<td width=\"171\"><\/td>\n<td width=\"163\"><\/td>\n<td width=\"163\"><\/td>\n<td width=\"163\"><\/td>\n<\/tr>\n<tr>\n<td width=\"171\"><\/td>\n<td width=\"163\"><\/td>\n<td width=\"163\"><\/td>\n<td width=\"163\"><\/td>\n<\/tr>\n<tr>\n<td width=\"171\"><\/td>\n<td width=\"163\"><\/td>\n<td width=\"163\"><\/td>\n<td width=\"163\"><\/td>\n<\/tr>\n<tr>\n<td width=\"171\"><\/td>\n<td width=\"163\"><\/td>\n<td width=\"163\"><\/td>\n<td width=\"163\"><\/td>\n<\/tr>\n<tr>\n<td width=\"171\"><\/td>\n<td width=\"163\"><\/td>\n<td width=\"163\"><\/td>\n<td width=\"163\"><\/td>\n<\/tr>\n<tr>\n<td width=\"171\"><\/td>\n<td width=\"163\"><\/td>\n<td width=\"163\"><\/td>\n<td width=\"163\"><\/td>\n<\/tr>\n<tr>\n<td width=\"171\"><\/td>\n<td width=\"163\"><\/td>\n<td width=\"163\"><\/td>\n<td width=\"163\"><\/td>\n<\/tr>\n<tr>\n<td width=\"171\"><\/td>\n<td width=\"163\"><\/td>\n<td width=\"163\"><\/td>\n<td width=\"163\"><\/td>\n<\/tr>\n<tr>\n<td width=\"171\"><\/td>\n<td width=\"163\"><\/td>\n<td width=\"163\"><\/td>\n<td width=\"163\"><\/td>\n<\/tr>\n<tr>\n<td width=\"171\"><\/td>\n<td width=\"163\"><\/td>\n<td width=\"163\"><\/td>\n<td width=\"163\"><\/td>\n<\/tr>\n<tr>\n<td width=\"171\"><\/td>\n<td width=\"163\"><\/td>\n<td width=\"163\"><\/td>\n<td width=\"163\"><\/td>\n<\/tr>\n<tr>\n<td width=\"171\"><\/td>\n<td width=\"163\"><\/td>\n<td width=\"163\"><\/td>\n<td width=\"163\"><\/td>\n<\/tr>\n<tr>\n<td width=\"171\"><\/td>\n<td width=\"163\"><\/td>\n<td width=\"163\"><\/td>\n<td width=\"163\"><\/td>\n<\/tr>\n<tr>\n<td width=\"171\"><\/td>\n<td width=\"163\"><\/td>\n<td width=\"163\"><\/td>\n<td width=\"163\"><\/td>\n<\/tr>\n<tr>\n<td width=\"171\"><\/td>\n<td width=\"163\"><\/td>\n<td width=\"163\"><\/td>\n<td width=\"163\"><\/td>\n<\/tr>\n<tr>\n<td width=\"171\"><\/td>\n<td width=\"163\"><\/td>\n<td width=\"163\"><\/td>\n<td width=\"163\"><\/td>\n<\/tr>\n<tr>\n<td width=\"171\"><\/td>\n<td width=\"163\"><\/td>\n<td width=\"163\"><\/td>\n<td width=\"163\"><\/td>\n<\/tr>\n<tr>\n<td width=\"171\"><\/td>\n<td width=\"163\"><\/td>\n<td width=\"163\"><\/td>\n<td width=\"163\"><\/td>\n<\/tr>\n<tr>\n<td width=\"171\"><\/td>\n<td width=\"163\"><\/td>\n<td width=\"163\"><\/td>\n<td width=\"163\"><\/td>\n<\/tr>\n<tr>\n<td width=\"171\"><\/td>\n<td width=\"163\"><\/td>\n<td width=\"163\"><\/td>\n<td width=\"163\"><\/td>\n<\/tr>\n<tr>\n<td width=\"171\"><\/td>\n<td width=\"163\"><\/td>\n<td width=\"163\"><\/td>\n<td width=\"163\"><\/td>\n<\/tr>\n<tr>\n<td width=\"171\"><\/td>\n<td width=\"163\"><\/td>\n<td width=\"163\"><\/td>\n<td width=\"163\"><\/td>\n<\/tr>\n<tr>\n<td width=\"171\"><\/td>\n<td width=\"163\"><\/td>\n<td width=\"163\"><\/td>\n<td width=\"163\"><\/td>\n<\/tr>\n<tr>\n<td width=\"171\"><\/td>\n<td width=\"163\"><\/td>\n<td width=\"163\"><\/td>\n<td width=\"163\"><\/td>\n<\/tr>\n<tr>\n<td width=\"171\"><\/td>\n<td width=\"163\"><\/td>\n<td width=\"163\"><\/td>\n<td width=\"163\"><\/td>\n<\/tr>\n<tr>\n<td width=\"171\"><\/td>\n<td width=\"163\"><\/td>\n<td width=\"163\"><\/td>\n<td width=\"163\"><\/td>\n<\/tr>\n<tr>\n<td width=\"171\"><\/td>\n<td width=\"163\"><\/td>\n<td width=\"163\"><\/td>\n<td width=\"163\"><\/td>\n<\/tr>\n<tr>\n<td width=\"171\"><\/td>\n<td width=\"163\"><\/td>\n<td width=\"163\"><\/td>\n<td width=\"163\"><\/td>\n<\/tr>\n<tr>\n<td width=\"171\"><\/td>\n<td width=\"163\"><\/td>\n<td width=\"163\"><\/td>\n<td width=\"163\"><\/td>\n<\/tr>\n<tr>\n<td width=\"171\"><\/td>\n<td width=\"163\"><\/td>\n<td width=\"163\"><\/td>\n<td width=\"163\"><\/td>\n<\/tr>\n<tr>\n<td width=\"171\"><\/td>\n<td width=\"163\"><\/td>\n<td width=\"163\"><\/td>\n<td width=\"163\"><\/td>\n<\/tr>\n<tr>\n<td width=\"171\"><\/td>\n<td width=\"163\"><\/td>\n<td width=\"163\"><\/td>\n<td width=\"163\"><\/td>\n<\/tr>\n<tr>\n<td width=\"171\"><\/td>\n<td width=\"163\"><\/td>\n<td width=\"163\"><\/td>\n<td width=\"163\"><\/td>\n<\/tr>\n<tr>\n<td width=\"171\"><\/td>\n<td width=\"163\"><\/td>\n<td width=\"163\"><\/td>\n<td width=\"163\"><\/td>\n<\/tr>\n<tr>\n<td width=\"171\"><\/td>\n<td width=\"163\"><\/td>\n<td width=\"163\"><\/td>\n<td width=\"163\"><\/td>\n<\/tr>\n<tr>\n<td width=\"171\"><\/td>\n<td width=\"163\"><\/td>\n<td width=\"163\"><\/td>\n<td width=\"163\"><\/td>\n<\/tr>\n<tr>\n<td width=\"171\"><\/td>\n<td width=\"163\"><\/td>\n<td width=\"163\"><\/td>\n<td width=\"163\"><\/td>\n<\/tr>\n<tr>\n<td width=\"171\"><\/td>\n<td width=\"163\"><\/td>\n<td width=\"163\"><\/td>\n<td width=\"163\"><\/td>\n<\/tr>\n<tr>\n<td width=\"171\"><\/td>\n<td width=\"163\"><\/td>\n<td width=\"163\"><\/td>\n<td width=\"163\"><\/td>\n<\/tr>\n<tr>\n<td width=\"171\"><\/td>\n<td width=\"163\"><\/td>\n<td width=\"163\"><\/td>\n<td width=\"163\"><\/td>\n<\/tr>\n<tr>\n<td width=\"171\"><\/td>\n<td width=\"163\"><\/td>\n<td width=\"163\"><\/td>\n<td width=\"163\"><\/td>\n<\/tr>\n<tr>\n<td width=\"171\"><\/td>\n<td width=\"163\"><\/td>\n<td width=\"163\"><\/td>\n<td width=\"163\"><\/td>\n<\/tr>\n<tr>\n<td width=\"171\"><\/td>\n<td width=\"163\"><\/td>\n<td width=\"163\"><\/td>\n<td width=\"163\"><\/td>\n<\/tr>\n<\/tbody>\n<\/table>\n","protected":false},"excerpt":{"rendered":"<p>KIBRIS T\u00dcRK F\u0130ZYOTERAP\u0130STLER B\u0130RL\u0130\u011e\u0130 2022-2023 AKT\u0130F \u00dcYE L\u0130STES\u0130 AKT\u0130F \u00dcYEN\u0130N ADI-SOYADI L\u0130SANS E\u011e\u0130T\u0130M\u0130N\u0130 TAMAMLADI\u011eI \u00dcN\u0130VERS\u0130TE VE MEZUN\u0130YET YILI Y\u00dcKSEK L\u0130SANS E\u011e\u0130T\u0130M\u0130N\u0130 TAMAMLADI\u011eI \u00dcN\u0130VERS\u0130TE VE MEZUN\u0130YET<\/p>\n<div class=\"read-more-wrapper\"><a class=\"link small\" href=\"https:\/\/ktfb.org\/?page_id=125\" role=\"button\">Daha fazla<span class=\"nc-icon-glyph arrows-1_bold-right\"><\/span><\/a><\/div>\n","protected":false},"author":1,"featured_media":0,"parent":0,"menu_order":0,"comment_status":"closed","ping_status":"closed","template":"","meta":{"footnotes":""},"class_list":["post-125","page","type-page","status-publish","hentry"],"_links":{"self":[{"href":"https:\/\/ktfb.org\/index.php?rest_route=\/wp\/v2\/pages\/125","targetHints":{"allow":["GET"]}}],"collection":[{"href":"https:\/\/ktfb.org\/index.php?rest_route=\/wp\/v2\/pages"}],"about":[{"href":"https:\/\/ktfb.org\/index.php?rest_route=\/wp\/v2\/types\/page"}],"author":[{"embeddable":true,"href":"https:\/\/ktfb.org\/index.php?rest_route=\/wp\/v2\/users\/1"}],"replies":[{"embeddable":true,"href":"https:\/\/ktfb.org\/index.php?rest_route=%2Fwp%2Fv2%2Fcomments&post=125"}],"version-history":[{"count":8,"href":"https:\/\/ktfb.org\/index.php?rest_route=\/wp\/v2\/pages\/125\/revisions"}],"predecessor-version":[{"id":269,"href":"https:\/\/ktfb.org\/index.php?rest_route=\/wp\/v2\/pages\/125\/revisions\/269"}],"wp:attachment":[{"href":"https:\/\/ktfb.org\/index.php?rest_route=%2Fwp%2Fv2%2Fmedia&parent=125"}],"curies":[{"name":"wp","href":"https:\/\/api.w.org\/{rel}","templated":true}]}}