{"id":101,"date":"2017-07-05T10:54:05","date_gmt":"2017-07-05T07:54:05","guid":{"rendered":"http:\/\/www.ktfb.org\/?page_id=101"},"modified":"2020-05-01T16:12:29","modified_gmt":"2020-05-01T13:12:29","slug":"haberler","status":"publish","type":"page","link":"https:\/\/ktfb.org\/?page_id=101","title":{"rendered":"HABERLER"},"content":{"rendered":"<ul>\n<li><a href=\"http:\/\/www.ktfb.org\/wp-content\/uploads\/2020\/05\/hastalar-icin-hijyen-kosullari.pdf\" target=\"_blank\" rel=\"noopener noreferrer\">Hastalar \u0130\u00e7in Hijyen Ko\u015fullar\u0131<\/a><\/li>\n<li><a href=\"http:\/\/www.ktfb.org\/wp-content\/uploads\/2020\/05\/fizyoterapistler-icin.pdf\" target=\"_blank\" rel=\"noopener noreferrer\">Fizyoterapistler \u0130\u00e7in Hijyen Ko\u015fullar\u0131<\/a><\/li>\n<li><a href=\"http:\/\/www.ktfb.org\/wp-content\/uploads\/2020\/05\/hasta-tedavi-onay-formu.pdf\" target=\"_blank\" rel=\"noopener noreferrer\">Hasta Tedavi Onay Formu<\/a><\/li>\n<li><a href=\"http:\/\/www.gundemkibris.com\/fizyoterapistler-birligi-baskanligina-sahveren-cakartas-getirildi-202063h.htm\" target=\"_blank\" rel=\"noopener noreferrer\">Fizyoterapistler Birli\u011fi Ba\u015fkanl\u0131\u011f\u0131na \u015eahveren \u00c7akarta\u015f getirildiKaynak: Fizyoterapistler Birli\u011fi Ba\u015fkanl\u0131\u011f\u0131na \u015eahveren \u00c7akarta\u015f getirildi <\/a><\/li>\n<li><a href=\"http:\/\/www.kibrispostasi.com\/kibris-turk-fizyoterapistler-birligi-toplumsal-farkindalik-a\" target=\"_blank\" rel=\"noopener noreferrer\">K\u0131br\u0131s T\u00fcrk Fizyoterapistler Birli\u011fi toplumsal fark\u0131ndal\u0131k ad\u0131na afi\u015fi ve balon ast\u0131<\/a><\/li>\n<li><a href=\"http:\/\/www.yeniduzen.com\/anlamli-etkinlik-88463h.htm\" target=\"_blank\" rel=\"noopener noreferrer\">Rampas\u0131 olan mekanlara &#8220;Engelli dostu mekan&#8221; afi\u015fi ve balon as\u0131ld\u0131<\/a><\/li>\n<li><a href=\"http:\/\/www.kibristime.com\/kibris\/akinci-fizyoterapistler-birligi-heyetini-kabul-etti-h71297.html\" target=\"_blank\" rel=\"noopener noreferrer\">Ak\u0131nc\u0131 Fizyoterapistler Birli\u011fi heyetini kabul etti.<\/a><\/li>\n<li><a href=\"http:\/\/www.havadiskibris.com\/fizyoterapistlerden-anlamli-cagri\/\" target=\"_blank\" rel=\"noopener noreferrer\">Fizyoterapistlerden anlaml\u0131 \u00e7a\u011fr\u0131<\/a><\/li>\n<li><a href=\"https:\/\/www.youtube.com\/watch?v=ERu5wVi7AR4\" target=\"_blank\" rel=\"noopener noreferrer\">Hayat\u0131n \u0130\u00e7inden Uzm. Fizyoterapist \u015eahveren \u00c7akarta\u015f<\/a><\/li>\n<\/ul>\n","protected":false},"excerpt":{"rendered":"<p>Hastalar \u0130\u00e7in Hijyen Ko\u015fullar\u0131 Fizyoterapistler \u0130\u00e7in Hijyen Ko\u015fullar\u0131 Hasta Tedavi Onay Formu Fizyoterapistler Birli\u011fi Ba\u015fkanl\u0131\u011f\u0131na \u015eahveren \u00c7akarta\u015f getirildiKaynak: Fizyoterapistler Birli\u011fi Ba\u015fkanl\u0131\u011f\u0131na \u015eahveren \u00c7akarta\u015f getirildi K\u0131br\u0131s<\/p>\n<div class=\"read-more-wrapper\"><a class=\"link small\" href=\"https:\/\/ktfb.org\/?page_id=101\" role=\"button\">Daha fazla<span class=\"nc-icon-glyph arrows-1_bold-right\"><\/span><\/a><\/div>\n","protected":false},"author":1,"featured_media":0,"parent":0,"menu_order":0,"comment_status":"closed","ping_status":"closed","template":"","meta":{"footnotes":""},"class_list":["post-101","page","type-page","status-publish","hentry"],"_links":{"self":[{"href":"https:\/\/ktfb.org\/index.php?rest_route=\/wp\/v2\/pages\/101","targetHints":{"allow":["GET"]}}],"collection":[{"href":"https:\/\/ktfb.org\/index.php?rest_route=\/wp\/v2\/pages"}],"about":[{"href":"https:\/\/ktfb.org\/index.php?rest_route=\/wp\/v2\/types\/page"}],"author":[{"embeddable":true,"href":"https:\/\/ktfb.org\/index.php?rest_route=\/wp\/v2\/users\/1"}],"replies":[{"embeddable":true,"href":"https:\/\/ktfb.org\/index.php?rest_route=%2Fwp%2Fv2%2Fcomments&post=101"}],"version-history":[{"count":7,"href":"https:\/\/ktfb.org\/index.php?rest_route=\/wp\/v2\/pages\/101\/revisions"}],"predecessor-version":[{"id":249,"href":"https:\/\/ktfb.org\/index.php?rest_route=\/wp\/v2\/pages\/101\/revisions\/249"}],"wp:attachment":[{"href":"https:\/\/ktfb.org\/index.php?rest_route=%2Fwp%2Fv2%2Fmedia&parent=101"}],"curies":[{"name":"wp","href":"https:\/\/api.w.org\/{rel}","templated":true}]}}